{"id":584,"date":"2018-06-19T10:45:59","date_gmt":"2018-06-19T08:45:59","guid":{"rendered":"https:\/\/www.somterra.cat\/?page_id=584"},"modified":"2025-01-18T10:12:56","modified_gmt":"2025-01-18T09:12:56","slug":"services","status":"publish","type":"page","link":"https:\/\/sadurniestudi.com\/es\/services\/","title":{"rendered":"Services"},"content":{"rendered":"<div data-elementor-type=\"wp-post\" data-elementor-id=\"584\" class=\"elementor elementor-584\">\n\t\t\t\t\t\t\t\t\t<section class=\"elementor-section elementor-top-section elementor-element elementor-element-326e56ec elementor-section-stretched elementor-section-height-min-height elementor-section-boxed elementor-section-height-default elementor-section-items-middle\" data-id=\"326e56ec\" data-element_type=\"section\" data-settings=\"{&quot;stretch_section&quot;:&quot;section-stretched&quot;,&quot;background_background&quot;:&quot;classic&quot;}\">\n\t\t\t\t\t\t<div class=\"elementor-container elementor-column-gap-default\">\n\t\t\t\t\t<div class=\"aux-parallax-section elementor-column elementor-col-100 elementor-top-column elementor-element elementor-element-5b0142d aux-appear-watch-animation aux-fade-in-right\" data-id=\"5b0142d\" data-element_type=\"column\">\n\t\t\t<div class=\"elementor-widget-wrap elementor-element-populated\">\n\t\t\t\t\t\t\t\t<div class=\"elementor-element elementor-element-76517dc elementor-widget elementor-widget-aux_modern_heading\" data-id=\"76517dc\" data-element_type=\"widget\" data-widget_type=\"aux_modern_heading.default\">\n\t\t\t\t<div class=\"elementor-widget-container\">\n\t\t\t<section class=\"aux-widget-modern-heading\">\n            <div class=\"aux-widget-inner\"><h2 class=\"aux-modern-heading-primary\">Servicios<\/h2><\/div>\n        <\/section>\t\t<\/div>\n\t\t\t\t<\/div>\n\t\t\t\t\t<\/div>\n\t\t<\/div>\n\t\t\t\t\t\t\t<\/div>\n\t\t<\/section>\n\t\t\t\t<section class=\"elementor-section elementor-top-section elementor-element elementor-element-5163cfba elementor-section-stretched elementor-section-boxed elementor-section-height-default elementor-section-height-default\" data-id=\"5163cfba\" data-element_type=\"section\" data-settings=\"{&quot;stretch_section&quot;:&quot;section-stretched&quot;}\">\n\t\t\t\t\t\t<div class=\"elementor-container elementor-column-gap-default\">\n\t\t\t\t\t<div class=\"aux-parallax-section elementor-column elementor-col-100 elementor-top-column elementor-element elementor-element-45f74a97\" data-id=\"45f74a97\" data-element_type=\"column\">\n\t\t\t<div class=\"elementor-widget-wrap elementor-element-populated\">\n\t\t\t\t\t\t\t\t<div class=\"elementor-element elementor-element-5014eafe aux-appear-watch-animation aux-fade-in-up elementor-widget elementor-widget-aux_modern_heading\" data-id=\"5014eafe\" data-element_type=\"widget\" data-widget_type=\"aux_modern_heading.default\">\n\t\t\t\t<div class=\"elementor-widget-container\">\n\t\t\t<section class=\"aux-widget-modern-heading\">\n            <div class=\"aux-widget-inner\"><h2 class=\"aux-modern-heading-primary\">Especialistas en<\/h2><h3 class=\"aux-modern-heading-secondary\"><span class=\"aux-head-before\">Soluciones integrales de arquitectura t\u00e9cnica, accesibles desde cualquier sitio.<\/span><\/h3><div class=\"aux-modern-heading-divider\"><\/div><div class=\"aux-modern-heading-description\"><p>En FDA Arquitectura, rompemos las barreras geogr\u00e1ficas. Ofrecemos servicios de arquitectura t\u00e9cnica de alta calidad a trav\u00e9s de una plataforma online, brind\u00e1ndote la comodidad y eficiencia que necesitas para realizar tus proyectos. Contamos con un equipo de profesionales altamente cualificados y amplia experiencia en el sector, preparados para asesorarte y acompa\u00f1arte en cada etapa.<\/p><\/div><\/div>\n        <\/section>\t\t<\/div>\n\t\t\t\t<\/div>\n\t\t\t\t<section class=\"elementor-section elementor-inner-section elementor-element elementor-element-7809a3ba elementor-section-boxed elementor-section-height-default elementor-section-height-default\" data-id=\"7809a3ba\" data-element_type=\"section\">\n\t\t\t\t\t\t<div class=\"elementor-container elementor-column-gap-default\">\n\t\t\t\t\t<div class=\"aux-parallax-section elementor-column elementor-col-50 elementor-inner-column elementor-element elementor-element-4758f185 aux-appear-watch-animation aux-scale-down\" data-id=\"4758f185\" data-element_type=\"column\">\n\t\t\t<div class=\"elementor-widget-wrap elementor-element-populated\">\n\t\t\t\t\t\t\t\t<div class=\"elementor-element elementor-element-4aac6395 aux-arch-home-services-box elementor-widget elementor-widget-aux_text\" data-id=\"4aac6395\" data-element_type=\"widget\" data-widget_type=\"aux_text.default\">\n\t\t\t\t<div class=\"elementor-widget-container\">\n\t\t\t<section class=\"widget-container aux-widget-text aux-parent-au786ff19a\">        <div class=\"aux-widget-advanced-text aux-wrap-style-simple aux-ico-pos-top aux-text-center aux-text-resp- aux-text-color-dark aux-text-widget-bg-center\" >\n        \n                            <div class=\"aux-text-widget-header\"  >\n                        <div class=\"aux-ico-box aux-ico-large aux-ico-shape-circle aux-ico-clear\">\n                                                            <span class=\"aux-ico fas fa-link\" > <\/span>\n                                                    <\/div>\n                <\/div>\n            \n            <div class=\"aux-text-inner aux-text-widget-content\">\n                                <h4 class=\"col-title\">Direcci\u00f3n de Ejecuci\u00f3n de Obras<\/h4>\n                                <div class=\"widget-content\">\n                                        <p>\u00a0Supervisamos y controlamos la correcta ejecuci\u00f3n de tu proyecto, garantizando el cumplimiento de los plazos, la calidad de los materiales y la normativa vigente.<\/p>                <\/div>\n                            <\/div>\n        <\/div>\n                    <div class=\"aux-text-widget-footer\">\n                <div class=\"aux-border-shape-none\">\n                                <\/div>\n            <\/div>\n        \n<\/section><!-- widget-container -->\t\t<\/div>\n\t\t\t\t<\/div>\n\t\t\t\t\t<\/div>\n\t\t<\/div>\n\t\t\t\t<div class=\"aux-parallax-section elementor-column elementor-col-50 elementor-inner-column elementor-element elementor-element-50f2695e aux-appear-watch-animation aux-scale-down\" data-id=\"50f2695e\" data-element_type=\"column\">\n\t\t\t<div class=\"elementor-widget-wrap elementor-element-populated\">\n\t\t\t\t\t\t\t\t<div class=\"elementor-element elementor-element-4a5edc85 aux-arch-home-services-box elementor-widget elementor-widget-aux_text\" data-id=\"4a5edc85\" data-element_type=\"widget\" data-widget_type=\"aux_text.default\">\n\t\t\t\t<div class=\"elementor-widget-container\">\n\t\t\t<section class=\"widget-container aux-widget-text aux-parent-au87b6306d\">        <div class=\"aux-widget-advanced-text aux-wrap-style-simple aux-ico-pos-top aux-text-center aux-text-resp- aux-text-color-dark aux-text-widget-bg-center\" >\n        \n                            <div class=\"aux-text-widget-header\"  >\n                        <div class=\"aux-ico-box aux-ico-large aux-ico-shape-circle aux-ico-clear\">\n                                                            <span class=\"aux-ico fas fa-tree\" > <\/span>\n                                                    <\/div>\n                <\/div>\n            \n            <div class=\"aux-text-inner aux-text-widget-content\">\n                                <h4 class=\"col-title\">Coordinaci\u00f3n de Seguridad y Salud<\/h4>\n                                <div class=\"widget-content\">\n                                        <p>Elaboramos y gestionamos el plan de seguridad y salud, previniendo riesgos laborales y asegurando un entorno de trabajo seguro.<\/p>                <\/div>\n                            <\/div>\n        <\/div>\n                    <div class=\"aux-text-widget-footer\">\n                <div class=\"aux-border-shape-none\">\n                                <\/div>\n            <\/div>\n        \n<\/section><!-- widget-container -->\t\t<\/div>\n\t\t\t\t<\/div>\n\t\t\t\t\t<\/div>\n\t\t<\/div>\n\t\t\t\t\t\t\t<\/div>\n\t\t<\/section>\n\t\t\t\t<section class=\"elementor-section elementor-inner-section elementor-element elementor-element-6f10278 elementor-section-boxed elementor-section-height-default elementor-section-height-default\" data-id=\"6f10278\" data-element_type=\"section\">\n\t\t\t\t\t\t<div class=\"elementor-container elementor-column-gap-default\">\n\t\t\t\t\t<div class=\"aux-parallax-section elementor-column elementor-col-50 elementor-inner-column elementor-element elementor-element-50e19a5 aux-appear-watch-animation aux-scale-down\" data-id=\"50e19a5\" data-element_type=\"column\">\n\t\t\t<div class=\"elementor-widget-wrap elementor-element-populated\">\n\t\t\t\t\t\t\t\t<div class=\"elementor-element elementor-element-1059625 aux-arch-home-services-box elementor-widget elementor-widget-aux_text\" data-id=\"1059625\" data-element_type=\"widget\" data-widget_type=\"aux_text.default\">\n\t\t\t\t<div class=\"elementor-widget-container\">\n\t\t\t<section class=\"widget-container aux-widget-text aux-parent-au5947a1bd\">        <div class=\"aux-widget-advanced-text aux-wrap-style-simple aux-ico-pos-top aux-text-center aux-text-resp- aux-text-color-dark aux-text-widget-bg-center\" >\n        \n                            <div class=\"aux-text-widget-header\"  >\n                        <div class=\"aux-ico-box aux-ico-large aux-ico-shape-circle aux-ico-clear\">\n                                                            <span class=\"aux-ico fas fa-arrows-alt-v\" > <\/span>\n                                                    <\/div>\n                <\/div>\n            \n            <div class=\"aux-text-inner aux-text-widget-content\">\n                                <h4 class=\"col-title\">Informes y Certificados T\u00e9cnicos<\/h4>\n                                <div class=\"widget-content\">\n                                        <p>Realizamos informes periciales, certificados energ\u00e9ticos, inspecciones t\u00e9cnicas de edificios (ITE) y otros documentos t\u00e9cnicos necesarios para su proyecto.<\/p>                <\/div>\n                            <\/div>\n        <\/div>\n                    <div class=\"aux-text-widget-footer\">\n                <div class=\"aux-border-shape-none\">\n                                <\/div>\n            <\/div>\n        \n<\/section><!-- widget-container -->\t\t<\/div>\n\t\t\t\t<\/div>\n\t\t\t\t\t<\/div>\n\t\t<\/div>\n\t\t\t\t<div class=\"aux-parallax-section elementor-column elementor-col-50 elementor-inner-column elementor-element elementor-element-76eee46 aux-appear-watch-animation aux-scale-down\" data-id=\"76eee46\" data-element_type=\"column\">\n\t\t\t<div class=\"elementor-widget-wrap elementor-element-populated\">\n\t\t\t\t\t\t\t\t<div class=\"elementor-element elementor-element-023d88c aux-arch-home-services-box elementor-widget elementor-widget-aux_text\" data-id=\"023d88c\" data-element_type=\"widget\" data-widget_type=\"aux_text.default\">\n\t\t\t\t<div class=\"elementor-widget-container\">\n\t\t\t<section class=\"widget-container aux-widget-text aux-parent-au3a71b2fe\">        <div class=\"aux-widget-advanced-text aux-wrap-style-simple aux-ico-pos-top aux-text-center aux-text-resp- aux-text-color-dark aux-text-widget-bg-center\" >\n        \n                            <div class=\"aux-text-widget-header\"  >\n                        <div class=\"aux-ico-box aux-ico-large aux-ico-shape-circle aux-ico-clear\">\n                                                            <span class=\"aux-ico far fa-sun\" > <\/span>\n                                                    <\/div>\n                <\/div>\n            \n            <div class=\"aux-text-inner aux-text-widget-content\">\n                                <h4 class=\"col-title\">Asesoramiento T\u00e9cnico Online<\/h4>\n                                <div class=\"widget-content\">\n                                        <p>Resolvemos tus dudas y te brindamos asesoramiento experto en temas relacionados con la edificaci\u00f3n, normativas, materiales y procesos constructivos.<\/p>                <\/div>\n                            <\/div>\n        <\/div>\n                    <div class=\"aux-text-widget-footer\">\n                <div class=\"aux-border-shape-none\">\n                                <\/div>\n            <\/div>\n        \n<\/section><!-- widget-container -->\t\t<\/div>\n\t\t\t\t<\/div>\n\t\t\t\t\t<\/div>\n\t\t<\/div>\n\t\t\t\t\t\t\t<\/div>\n\t\t<\/section>\n\t\t\t\t\t<\/div>\n\t\t<\/div>\n\t\t\t\t\t\t\t<\/div>\n\t\t<\/section>\n\t\t\t\t<section class=\"elementor-section elementor-top-section elementor-element elementor-element-529f446 elementor-section-boxed elementor-section-height-default elementor-section-height-default\" data-id=\"529f446\" data-element_type=\"section\">\n\t\t\t\t\t\t<div class=\"elementor-container elementor-column-gap-default\">\n\t\t\t\t\t<div class=\"aux-parallax-section elementor-column elementor-col-100 elementor-top-column elementor-element elementor-element-8a4b97b\" data-id=\"8a4b97b\" data-element_type=\"column\">\n\t\t\t<div class=\"elementor-widget-wrap elementor-element-populated\">\n\t\t\t\t\t\t\t\t<div class=\"elementor-element elementor-element-9d610dc gallery-spacing-custom elementor-widget elementor-widget-image-gallery\" data-id=\"9d610dc\" data-element_type=\"widget\" data-widget_type=\"image-gallery.default\">\n\t\t\t\t<div class=\"elementor-widget-container\">\n\t\t\t\t\t<div class=\"elementor-image-gallery\">\n\t\t\t<div id='gallery-1' class='gallery galleryid-584 gallery-columns-4 gallery-size-large'><figure class='gallery-item'>\n\t\t\t<div class='gallery-icon landscape'>\n\t\t\t\t<a data-elementor-open-lightbox=\"yes\" data-elementor-lightbox-slideshow=\"9d610dc\" data-elementor-lightbox-title=\"5\" data-e-action-hash=\"#elementor-action%3Aaction%3Dlightbox%26settings%3DeyJpZCI6ODMzLCJ1cmwiOiJodHRwczpcL1wvc2FkdXJuaWVzdHVkaS5jb21cL3dwLWNvbnRlbnRcL3VwbG9hZHNcLzIwMjVcLzAxXC81LXNjYWxlZC5qcGciLCJzbGlkZXNob3ciOiI5ZDYxMGRjIn0%3D\" href='https:\/\/sadurniestudi.com\/wp-content\/uploads\/2025\/01\/5-scaled.jpg'><img loading=\"lazy\" decoding=\"async\" width=\"1024\" height=\"1024\" src=\"https:\/\/sadurniestudi.com\/wp-content\/uploads\/2025\/01\/5-1024x1024.jpg\" class=\"attachment-large size-large\" alt=\"\" srcset=\"https:\/\/sadurniestudi.com\/wp-content\/uploads\/2025\/01\/5-1024x1024.jpg 1024w, https:\/\/sadurniestudi.com\/wp-content\/uploads\/2025\/01\/5-300x300.jpg 300w, https:\/\/sadurniestudi.com\/wp-content\/uploads\/2025\/01\/5-scaled-100x100.jpg 100w, https:\/\/sadurniestudi.com\/wp-content\/uploads\/2025\/01\/5-scaled-600x600.jpg 600w, https:\/\/sadurniestudi.com\/wp-content\/uploads\/2025\/01\/5-150x150.jpg 150w, https:\/\/sadurniestudi.com\/wp-content\/uploads\/2025\/01\/5-768x768.jpg 768w, https:\/\/sadurniestudi.com\/wp-content\/uploads\/2025\/01\/5-1536x1536.jpg 1536w, https:\/\/sadurniestudi.com\/wp-content\/uploads\/2025\/01\/5-2048x2048.jpg 2048w, https:\/\/sadurniestudi.com\/wp-content\/uploads\/2025\/01\/5-12x12.jpg 12w, https:\/\/sadurniestudi.com\/wp-content\/uploads\/2025\/01\/5-200x200.jpg 200w\" sizes=\"auto, (max-width: 1024px) 100vw, 1024px\" \/><\/a>\n\t\t\t<\/div><\/figure><figure class='gallery-item'>\n\t\t\t<div class='gallery-icon landscape'>\n\t\t\t\t<a data-elementor-open-lightbox=\"yes\" data-elementor-lightbox-slideshow=\"9d610dc\" data-elementor-lightbox-title=\"4\" data-e-action-hash=\"#elementor-action%3Aaction%3Dlightbox%26settings%3DeyJpZCI6ODMyLCJ1cmwiOiJodHRwczpcL1wvc2FkdXJuaWVzdHVkaS5jb21cL3dwLWNvbnRlbnRcL3VwbG9hZHNcLzIwMjVcLzAxXC80LXNjYWxlZC5qcGciLCJzbGlkZXNob3ciOiI5ZDYxMGRjIn0%3D\" href='https:\/\/sadurniestudi.com\/wp-content\/uploads\/2025\/01\/4-scaled.jpg'><img loading=\"lazy\" decoding=\"async\" width=\"1024\" height=\"1024\" src=\"https:\/\/sadurniestudi.com\/wp-content\/uploads\/2025\/01\/4-1024x1024.jpg\" class=\"attachment-large size-large\" alt=\"\" srcset=\"https:\/\/sadurniestudi.com\/wp-content\/uploads\/2025\/01\/4-1024x1024.jpg 1024w, https:\/\/sadurniestudi.com\/wp-content\/uploads\/2025\/01\/4-300x300.jpg 300w, https:\/\/sadurniestudi.com\/wp-content\/uploads\/2025\/01\/4-scaled-100x100.jpg 100w, https:\/\/sadurniestudi.com\/wp-content\/uploads\/2025\/01\/4-scaled-600x600.jpg 600w, https:\/\/sadurniestudi.com\/wp-content\/uploads\/2025\/01\/4-150x150.jpg 150w, https:\/\/sadurniestudi.com\/wp-content\/uploads\/2025\/01\/4-768x768.jpg 768w, https:\/\/sadurniestudi.com\/wp-content\/uploads\/2025\/01\/4-1536x1536.jpg 1536w, https:\/\/sadurniestudi.com\/wp-content\/uploads\/2025\/01\/4-2048x2048.jpg 2048w, https:\/\/sadurniestudi.com\/wp-content\/uploads\/2025\/01\/4-12x12.jpg 12w, https:\/\/sadurniestudi.com\/wp-content\/uploads\/2025\/01\/4-200x200.jpg 200w\" sizes=\"auto, (max-width: 1024px) 100vw, 1024px\" \/><\/a>\n\t\t\t<\/div><\/figure><figure class='gallery-item'>\n\t\t\t<div class='gallery-icon landscape'>\n\t\t\t\t<a data-elementor-open-lightbox=\"yes\" data-elementor-lightbox-slideshow=\"9d610dc\" data-elementor-lightbox-title=\"3\" data-e-action-hash=\"#elementor-action%3Aaction%3Dlightbox%26settings%3DeyJpZCI6ODMxLCJ1cmwiOiJodHRwczpcL1wvc2FkdXJuaWVzdHVkaS5jb21cL3dwLWNvbnRlbnRcL3VwbG9hZHNcLzIwMjVcLzAxXC8zLXNjYWxlZC5qcGciLCJzbGlkZXNob3ciOiI5ZDYxMGRjIn0%3D\" href='https:\/\/sadurniestudi.com\/wp-content\/uploads\/2025\/01\/3-scaled.jpg'><img loading=\"lazy\" decoding=\"async\" width=\"1024\" height=\"1024\" src=\"https:\/\/sadurniestudi.com\/wp-content\/uploads\/2025\/01\/3-1024x1024.jpg\" class=\"attachment-large size-large\" alt=\"\" srcset=\"https:\/\/sadurniestudi.com\/wp-content\/uploads\/2025\/01\/3-1024x1024.jpg 1024w, https:\/\/sadurniestudi.com\/wp-content\/uploads\/2025\/01\/3-300x300.jpg 300w, https:\/\/sadurniestudi.com\/wp-content\/uploads\/2025\/01\/3-scaled-100x100.jpg 100w, https:\/\/sadurniestudi.com\/wp-content\/uploads\/2025\/01\/3-scaled-600x600.jpg 600w, https:\/\/sadurniestudi.com\/wp-content\/uploads\/2025\/01\/3-150x150.jpg 150w, https:\/\/sadurniestudi.com\/wp-content\/uploads\/2025\/01\/3-768x768.jpg 768w, https:\/\/sadurniestudi.com\/wp-content\/uploads\/2025\/01\/3-1536x1536.jpg 1536w, https:\/\/sadurniestudi.com\/wp-content\/uploads\/2025\/01\/3-2048x2048.jpg 2048w, https:\/\/sadurniestudi.com\/wp-content\/uploads\/2025\/01\/3-12x12.jpg 12w, https:\/\/sadurniestudi.com\/wp-content\/uploads\/2025\/01\/3-200x200.jpg 200w\" sizes=\"auto, (max-width: 1024px) 100vw, 1024px\" \/><\/a>\n\t\t\t<\/div><\/figure><figure class='gallery-item'>\n\t\t\t<div class='gallery-icon landscape'>\n\t\t\t\t<a data-elementor-open-lightbox=\"yes\" data-elementor-lightbox-slideshow=\"9d610dc\" data-elementor-lightbox-title=\"2\" data-e-action-hash=\"#elementor-action%3Aaction%3Dlightbox%26settings%3DeyJpZCI6ODMwLCJ1cmwiOiJodHRwczpcL1wvc2FkdXJuaWVzdHVkaS5jb21cL3dwLWNvbnRlbnRcL3VwbG9hZHNcLzIwMjVcLzAxXC8yLXNjYWxlZC5qcGciLCJzbGlkZXNob3ciOiI5ZDYxMGRjIn0%3D\" href='https:\/\/sadurniestudi.com\/wp-content\/uploads\/2025\/01\/2-scaled.jpg'><img loading=\"lazy\" decoding=\"async\" width=\"1024\" height=\"1024\" src=\"https:\/\/sadurniestudi.com\/wp-content\/uploads\/2025\/01\/2-1024x1024.jpg\" class=\"attachment-large size-large\" alt=\"\" srcset=\"https:\/\/sadurniestudi.com\/wp-content\/uploads\/2025\/01\/2-1024x1024.jpg 1024w, https:\/\/sadurniestudi.com\/wp-content\/uploads\/2025\/01\/2-300x300.jpg 300w, https:\/\/sadurniestudi.com\/wp-content\/uploads\/2025\/01\/2-scaled-100x100.jpg 100w, https:\/\/sadurniestudi.com\/wp-content\/uploads\/2025\/01\/2-scaled-600x600.jpg 600w, https:\/\/sadurniestudi.com\/wp-content\/uploads\/2025\/01\/2-150x150.jpg 150w, https:\/\/sadurniestudi.com\/wp-content\/uploads\/2025\/01\/2-768x768.jpg 768w, https:\/\/sadurniestudi.com\/wp-content\/uploads\/2025\/01\/2-1536x1536.jpg 1536w, https:\/\/sadurniestudi.com\/wp-content\/uploads\/2025\/01\/2-2048x2048.jpg 2048w, https:\/\/sadurniestudi.com\/wp-content\/uploads\/2025\/01\/2-12x12.jpg 12w, https:\/\/sadurniestudi.com\/wp-content\/uploads\/2025\/01\/2-200x200.jpg 200w\" sizes=\"auto, (max-width: 1024px) 100vw, 1024px\" \/><\/a>\n\t\t\t<\/div><\/figure>\n\t\t<\/div>\n\t\t<\/div>\n\t\t\t\t<\/div>\n\t\t\t\t<\/div>\n\t\t\t\t\t<\/div>\n\t\t<\/div>\n\t\t\t\t\t\t\t<\/div>\n\t\t<\/section>\n\t\t\t\t<section class=\"elementor-section elementor-top-section elementor-element elementor-element-6d09b974 elementor-section-stretched elementor-section-boxed elementor-section-height-default elementor-section-height-default\" data-id=\"6d09b974\" data-element_type=\"section\" data-settings=\"{&quot;background_background&quot;:&quot;classic&quot;,&quot;stretch_section&quot;:&quot;section-stretched&quot;}\">\n\t\t\t\t\t\t\t<div class=\"elementor-background-overlay\"><\/div>\n\t\t\t\t\t\t\t<div class=\"elementor-container elementor-column-gap-default\">\n\t\t\t\t\t<div class=\"aux-parallax-section elementor-column elementor-col-100 elementor-top-column elementor-element elementor-element-5b75bf34\" data-id=\"5b75bf34\" data-element_type=\"column\">\n\t\t\t<div class=\"elementor-widget-wrap elementor-element-populated\">\n\t\t\t\t\t\t\t\t<div class=\"elementor-element elementor-element-22aadcef aux-appear-watch-animation aux-scale-down elementor-widget elementor-widget-aux_modern_heading\" data-id=\"22aadcef\" data-element_type=\"widget\" data-widget_type=\"aux_modern_heading.default\">\n\t\t\t\t<div class=\"elementor-widget-container\">\n\t\t\t<section class=\"aux-widget-modern-heading\">\n            <div class=\"aux-widget-inner\"><h2 class=\"aux-modern-heading-primary\">Cont\u00e1ctanos<\/h2><div class=\"aux-modern-heading-description\"><p>Buscamos soluciones rentables y eficientes en nuestros servicios de poda y desbroce.<\/p><\/div><\/div>\n        <\/section>\t\t<\/div>\n\t\t\t\t<\/div>\n\t\t\t\t<div class=\"elementor-element elementor-element-24b8bd3 elementor-widget elementor-widget-aux_modern_button\" data-id=\"24b8bd3\" data-element_type=\"widget\" data-widget_type=\"aux_modern_button.default\">\n\t\t\t\t<div class=\"elementor-widget-container\">\n\t\t\t    <div class=\"aux-modern-button-wrapper aux-modern-button-align-center\" >\n                    <a class=\"aux-modern-button aux-black aux-modern-button-xl aux-modern-button-normal aux-modern-button-default aux-icon-right\" href=\"https:\/\/www.somterra.cat\/contact-us\/\">\n                <div class=\"aux-overlay\"><\/div>\n                                    <div class=\"aux-icon\">\n                        <i aria-hidden=\"true\" class=\"auxicon2 auxicon2-arrow-chevron-small-right\"><\/i>                    <\/div>\n                                <div class=\"aux-text\">\n<span class=\"aux-text-before\">Contactar<\/span>                <\/div>\n            <\/a>\n            \n    <\/div>\n\n    \t\t<\/div>\n\t\t\t\t<\/div>\n\t\t\t\t\t<\/div>\n\t\t<\/div>\n\t\t\t\t\t\t\t<\/div>\n\t\t<\/section>\n\t\t\t\t\t\t\t<\/div>","protected":false},"excerpt":{"rendered":"<p>Serveis Especialistes en Solucions integrals d&#8217;arquitectura t\u00e8cnica, accessibles des de qualsevol lloc. A FDA Arquitectura, trenquem les barreres geogr\u00e0fiques. Oferim serveis d&#8217;arquitectura t\u00e8cnica d&#8217;alta qualitat a trav\u00e9s d&#8217;una plataforma online, brindant-te la comoditat i efici\u00e8ncia que necessites per dur a terme els teus projectes. Comptem amb un equip de professionals altament qualificats i amb \u00e0mplia [&hellip;]<\/p>","protected":false},"author":1,"featured_media":0,"parent":0,"menu_order":0,"comment_status":"closed","ping_status":"closed","template":"templates\/page-builder-content.php","meta":{"_joinchat":[],"footnotes":""},"class_list":["post-584","page","type-page","status-publish","hentry"],"_links":{"self":[{"href":"https:\/\/sadurniestudi.com\/es\/wp-json\/wp\/v2\/pages\/584","targetHints":{"allow":["GET"]}}],"collection":[{"href":"https:\/\/sadurniestudi.com\/es\/wp-json\/wp\/v2\/pages"}],"about":[{"href":"https:\/\/sadurniestudi.com\/es\/wp-json\/wp\/v2\/types\/page"}],"author":[{"embeddable":true,"href":"https:\/\/sadurniestudi.com\/es\/wp-json\/wp\/v2\/users\/1"}],"replies":[{"embeddable":true,"href":"https:\/\/sadurniestudi.com\/es\/wp-json\/wp\/v2\/comments?post=584"}],"version-history":[{"count":27,"href":"https:\/\/sadurniestudi.com\/es\/wp-json\/wp\/v2\/pages\/584\/revisions"}],"predecessor-version":[{"id":846,"href":"https:\/\/sadurniestudi.com\/es\/wp-json\/wp\/v2\/pages\/584\/revisions\/846"}],"wp:attachment":[{"href":"https:\/\/sadurniestudi.com\/es\/wp-json\/wp\/v2\/media?parent=584"}],"curies":[{"name":"wp","href":"https:\/\/api.w.org\/{rel}","templated":true}]}}