{"id":576,"date":"2020-04-18T09:29:46","date_gmt":"2020-04-18T07:29:46","guid":{"rendered":"https:\/\/www.somterra.cat\/?page_id=576"},"modified":"2025-03-25T21:55:56","modified_gmt":"2025-03-25T20:55:56","slug":"home","status":"publish","type":"page","link":"https:\/\/sadurniestudi.com\/es\/","title":{"rendered":"Inici"},"content":{"rendered":"<div data-elementor-type=\"wp-post\" data-elementor-id=\"576\" class=\"elementor elementor-576\">\n\t\t\t\t\t\t\t\t\t<section class=\"elementor-section elementor-top-section elementor-element elementor-element-72a0fdd6 elementor-section-stretched elementor-section-height-min-height aux-appear-watch-animation aux-fade-in-down elementor-section-items-stretch elementor-section-boxed elementor-section-height-default\" data-id=\"72a0fdd6\" data-element_type=\"section\" data-settings=\"{&quot;stretch_section&quot;:&quot;section-stretched&quot;,&quot;background_background&quot;:&quot;slideshow&quot;,&quot;background_slideshow_gallery&quot;:[{&quot;id&quot;:833,&quot;url&quot;:&quot;https:\\\/\\\/fdarquitetura.es\\\/wp-content\\\/uploads\\\/2025\\\/01\\\/5-scaled.jpg&quot;}],&quot;background_slideshow_loop&quot;:&quot;yes&quot;,&quot;background_slideshow_slide_duration&quot;:5000,&quot;background_slideshow_slide_transition&quot;:&quot;fade&quot;,&quot;background_slideshow_transition_duration&quot;:500}\">\n\t\t\t\t\t\t<div class=\"elementor-container elementor-column-gap-no\">\n\t\t\t\t\t<div class=\"aux-parallax-section elementor-column elementor-col-100 elementor-top-column elementor-element elementor-element-21451e44\" data-id=\"21451e44\" data-element_type=\"column\">\n\t\t\t<div class=\"elementor-widget-wrap elementor-element-populated\">\n\t\t\t\t\t\t\t\t<div class=\"elementor-element elementor-element-336eafb0 aux-appear-watch-animation aux-fade-in-right-2 elementor-widget elementor-widget-aux_modern_heading\" data-id=\"336eafb0\" data-element_type=\"widget\" data-widget_type=\"aux_modern_heading.default\">\n\t\t\t\t<div class=\"elementor-widget-container\">\n\t\t\t<section class=\"aux-widget-modern-heading\">\n            <div class=\"aux-widget-inner\"><h4 class=\"aux-modern-heading-primary\"><\/h4><div class=\"aux-modern-heading-divider\"><\/div><h1 class=\"aux-modern-heading-secondary\"><span class=\"aux-head-before\">Arquitectura estudi<\/span><\/h1><\/div>\n        <\/section>\t\t<\/div>\n\t\t\t\t<\/div>\n\t\t\t\t\t<\/div>\n\t\t<\/div>\n\t\t\t\t\t\t\t<\/div>\n\t\t<\/section>\n\t\t\t\t<section class=\"elementor-section elementor-top-section elementor-element elementor-element-177d82f0 elementor-section-content-middle elementor-section-boxed elementor-section-height-default elementor-section-height-default\" data-id=\"177d82f0\" data-element_type=\"section\">\n\t\t\t\t\t\t<div class=\"elementor-container elementor-column-gap-extended\">\n\t\t\t\t\t<div class=\"aux-parallax-section elementor-column elementor-col-50 elementor-top-column elementor-element elementor-element-7bcab9b9\" data-id=\"7bcab9b9\" data-element_type=\"column\">\n\t\t\t<div class=\"elementor-widget-wrap elementor-element-populated\">\n\t\t\t\t\t\t\t\t<div class=\"elementor-element elementor-element-4616b3cd aux-appear-watch-animation aux-fade-in-up elementor-widget elementor-widget-aux_modern_heading\" data-id=\"4616b3cd\" data-element_type=\"widget\" data-widget_type=\"aux_modern_heading.default\">\n\t\t\t\t<div class=\"elementor-widget-container\">\n\t\t\t<section class=\"aux-widget-modern-heading\">\n            <div class=\"aux-widget-inner\"><h2 class=\"aux-modern-heading-primary\">BIENVENIDOS<\/h2><h3 class=\"aux-modern-heading-secondary\"><span class=\"aux-head-before\">Sadurni Arquitectura<\/span><\/h3><div class=\"aux-modern-heading-divider\"><\/div><div class=\"aux-modern-heading-description\"><p>FDA Arquitectura: Arquitectos T\u00e9cnicos Online para tus Proyectos<\/p><\/div><\/div>\n        <\/section>\t\t<\/div>\n\t\t\t\t<\/div>\n\t\t\t\t<div class=\"elementor-element elementor-element-627ab59 elementor-widget elementor-widget-aux_modern_button\" data-id=\"627ab59\" data-element_type=\"widget\" data-widget_type=\"aux_modern_button.default\">\n\t\t\t\t<div class=\"elementor-widget-container\">\n\t\t\t    <div class=\"aux-modern-button-wrapper aux-modern-button-align-left\" >\n                    <a class=\"aux-modern-button aux-black aux-modern-button-md aux-modern-button-normal aux-modern-button-outline aux-icon-\" href=\"https:\/\/www.somterra.cat\/contact-us\/\">\n                <div class=\"aux-overlay\"><\/div>\n                                    <div class=\"aux-icon\">\n                                            <\/div>\n                                <div class=\"aux-text\">\n<span class=\"aux-text-before\">M\u00e1s informaci\u00f3n<\/span>                <\/div>\n            <\/a>\n            \n    <\/div>\n\n    \t\t<\/div>\n\t\t\t\t<\/div>\n\t\t\t\t\t<\/div>\n\t\t<\/div>\n\t\t\t\t<div class=\"aux-parallax-section elementor-column elementor-col-25 elementor-top-column elementor-element elementor-element-59212b16 aux-appear-watch-animation aux-fade-in-right-1\" data-id=\"59212b16\" data-element_type=\"column\">\n\t\t\t<div class=\"elementor-widget-wrap elementor-element-populated\">\n\t\t\t\t\t\t\t\t<div class=\"elementor-element elementor-element-7114cf2f elementor-widget elementor-widget-aux_image\" data-id=\"7114cf2f\" data-element_type=\"widget\" data-widget_type=\"aux_image.default\">\n\t\t\t\t<div class=\"elementor-widget-container\">\n\t\t\t<section class=\"widget-container aux-widget-image aux-alignnone aux-parent-au1856b039\">\n    <div class=\"aux-media-hint-frame\">\n        <div class=\"aux-media-image\" >\n        \n            \n\n            \n            <img loading=\"lazy\" decoding=\"async\" width=\"377\" height=\"700\" src=\"image\/gif;base64,R0lGODlhAQABAIAAAAAAAP\/\/\/yH5BAEAAAAALAAAAAABAAEAAAIBRAA7\" class=\"aux-attachment aux-featured-image aux-attachment-id-830 aux-preload aux-blank\" alt=\"2\" data-ratio=\"0.54\" data-original-w=\"2560\" sizes=\"auto\" data-srcset=\"https:\/\/sadurniestudi.com\/wp-content\/uploads\/2025\/01\/2-scaled-150x279.jpg 150w,https:\/\/sadurniestudi.com\/wp-content\/uploads\/2025\/01\/2-scaled-300x557.jpg 300w,https:\/\/sadurniestudi.com\/wp-content\/uploads\/2025\/01\/2-scaled-768x1426.jpg 768w,https:\/\/sadurniestudi.com\/wp-content\/uploads\/2025\/01\/2-scaled-1024x1901.jpg 1024w,https:\/\/sadurniestudi.com\/wp-content\/uploads\/2025\/01\/2-scaled-377x700.jpg 377w\" data-src=\"https:\/\/sadurniestudi.com\/wp-content\/uploads\/2025\/01\/2-scaled-377x700.jpg\" \/>            \n                <\/div>\n    <\/div>\n\n<\/section><!-- widget-container -->\t\t<\/div>\n\t\t\t\t<\/div>\n\t\t\t\t\t<\/div>\n\t\t<\/div>\n\t\t\t\t<div class=\"aux-parallax-section elementor-column elementor-col-25 elementor-top-column elementor-element elementor-element-3cead55a aux-appear-watch-animation aux-fade-in-right-1\" data-id=\"3cead55a\" data-element_type=\"column\">\n\t\t\t<div class=\"elementor-widget-wrap elementor-element-populated\">\n\t\t\t\t\t\t\t\t<div class=\"elementor-element elementor-element-5df80c85 elementor-widget elementor-widget-aux_image\" data-id=\"5df80c85\" data-element_type=\"widget\" data-widget_type=\"aux_image.default\">\n\t\t\t\t<div class=\"elementor-widget-container\">\n\t\t\t<section class=\"widget-container aux-widget-image aux-alignnone aux-parent-au07533a3b\">\n    <div class=\"aux-media-hint-frame\">\n        <div class=\"aux-media-image\" >\n        \n            \n\n            \n            <img loading=\"lazy\" decoding=\"async\" width=\"377\" height=\"700\" src=\"image\/gif;base64,R0lGODlhAQABAIAAAAAAAP\/\/\/yH5BAEAAAAALAAAAAABAAEAAAIBRAA7\" class=\"aux-attachment aux-featured-image aux-attachment-id-829 aux-preload aux-blank\" alt=\"1\" data-ratio=\"0.54\" data-original-w=\"2560\" sizes=\"auto\" data-srcset=\"https:\/\/sadurniestudi.com\/wp-content\/uploads\/2025\/01\/1-scaled-150x279.jpg 150w,https:\/\/sadurniestudi.com\/wp-content\/uploads\/2025\/01\/1-scaled-300x557.jpg 300w,https:\/\/sadurniestudi.com\/wp-content\/uploads\/2025\/01\/1-scaled-768x1426.jpg 768w,https:\/\/sadurniestudi.com\/wp-content\/uploads\/2025\/01\/1-scaled-1024x1901.jpg 1024w,https:\/\/sadurniestudi.com\/wp-content\/uploads\/2025\/01\/1-scaled-377x700.jpg 377w\" data-src=\"https:\/\/sadurniestudi.com\/wp-content\/uploads\/2025\/01\/1-scaled-377x700.jpg\" \/>            \n                <\/div>\n    <\/div>\n\n<\/section><!-- widget-container -->\t\t<\/div>\n\t\t\t\t<\/div>\n\t\t\t\t\t<\/div>\n\t\t<\/div>\n\t\t\t\t\t\t\t<\/div>\n\t\t<\/section>\n\t\t\t\t<section class=\"elementor-section elementor-top-section elementor-element elementor-element-472d569 elementor-section-boxed elementor-section-height-default elementor-section-height-default\" data-id=\"472d569\" data-element_type=\"section\">\n\t\t\t\t\t\t<div class=\"elementor-container elementor-column-gap-default\">\n\t\t\t\t\t<div class=\"aux-parallax-section elementor-column elementor-col-100 elementor-top-column elementor-element elementor-element-36f222b\" data-id=\"36f222b\" data-element_type=\"column\">\n\t\t\t<div class=\"elementor-widget-wrap elementor-element-populated\">\n\t\t\t\t\t\t\t\t<div class=\"elementor-element elementor-element-2772482 elementor-widget elementor-widget-aux_modern_heading\" data-id=\"2772482\" data-element_type=\"widget\" data-widget_type=\"aux_modern_heading.default\">\n\t\t\t\t<div class=\"elementor-widget-container\">\n\t\t\t<section class=\"aux-widget-modern-heading\">\n            <div class=\"aux-widget-inner\"><h2 class=\"aux-modern-heading-primary\">Algunos de nuestros trabajos<\/h2><h3 class=\"aux-modern-heading-secondary\"><span class=\"aux-head-before\">Galeria<\/span><\/h3><div class=\"aux-modern-heading-divider\"><\/div><\/div>\n        <\/section>\t\t<\/div>\n\t\t\t\t<\/div>\n\t\t\t\t\t<\/div>\n\t\t<\/div>\n\t\t\t\t\t\t\t<\/div>\n\t\t<\/section>\n\t\t\t\t<section class=\"elementor-section elementor-top-section elementor-element elementor-element-414ab0e elementor-section-boxed elementor-section-height-default elementor-section-height-default\" data-id=\"414ab0e\" data-element_type=\"section\">\n\t\t\t\t\t\t<div class=\"elementor-container elementor-column-gap-narrow\">\n\t\t\t\t\t<div class=\"aux-parallax-section elementor-column elementor-col-100 elementor-top-column elementor-element elementor-element-07abf78\" data-id=\"07abf78\" data-element_type=\"column\">\n\t\t\t<div class=\"elementor-widget-wrap elementor-element-populated\">\n\t\t\t\t\t\t\t\t<div class=\"elementor-element elementor-element-b3a9711 gallery-spacing-custom elementor-widget elementor-widget-image-gallery\" data-id=\"b3a9711\" data-element_type=\"widget\" data-widget_type=\"image-gallery.default\">\n\t\t\t\t<div class=\"elementor-widget-container\">\n\t\t\t\t\t<div class=\"elementor-image-gallery\">\n\t\t\t<div id='gallery-1' class='gallery galleryid-576 gallery-columns-4 gallery-size-medium'><figure class='gallery-item'>\n\t\t\t<div class='gallery-icon landscape'>\n\t\t\t\t<a data-elementor-open-lightbox=\"yes\" data-elementor-lightbox-slideshow=\"b3a9711\" data-elementor-lightbox-title=\"5\" data-e-action-hash=\"#elementor-action%3Aaction%3Dlightbox%26settings%3DeyJpZCI6ODMzLCJ1cmwiOiJodHRwczpcL1wvc2FkdXJuaWVzdHVkaS5jb21cL3dwLWNvbnRlbnRcL3VwbG9hZHNcLzIwMjVcLzAxXC81LXNjYWxlZC5qcGciLCJzbGlkZXNob3ciOiJiM2E5NzExIn0%3D\" href='https:\/\/sadurniestudi.com\/wp-content\/uploads\/2025\/01\/5-scaled.jpg'><img loading=\"lazy\" decoding=\"async\" width=\"300\" height=\"300\" src=\"https:\/\/sadurniestudi.com\/wp-content\/uploads\/2025\/01\/5-300x300.jpg\" class=\"attachment-medium size-medium\" alt=\"\" srcset=\"https:\/\/sadurniestudi.com\/wp-content\/uploads\/2025\/01\/5-300x300.jpg 300w, https:\/\/sadurniestudi.com\/wp-content\/uploads\/2025\/01\/5-scaled-100x100.jpg 100w, https:\/\/sadurniestudi.com\/wp-content\/uploads\/2025\/01\/5-scaled-600x600.jpg 600w, https:\/\/sadurniestudi.com\/wp-content\/uploads\/2025\/01\/5-1024x1024.jpg 1024w, https:\/\/sadurniestudi.com\/wp-content\/uploads\/2025\/01\/5-150x150.jpg 150w, https:\/\/sadurniestudi.com\/wp-content\/uploads\/2025\/01\/5-768x768.jpg 768w, https:\/\/sadurniestudi.com\/wp-content\/uploads\/2025\/01\/5-1536x1536.jpg 1536w, https:\/\/sadurniestudi.com\/wp-content\/uploads\/2025\/01\/5-2048x2048.jpg 2048w, https:\/\/sadurniestudi.com\/wp-content\/uploads\/2025\/01\/5-12x12.jpg 12w, https:\/\/sadurniestudi.com\/wp-content\/uploads\/2025\/01\/5-200x200.jpg 200w\" sizes=\"auto, (max-width: 300px) 100vw, 300px\" \/><\/a>\n\t\t\t<\/div><\/figure><figure class='gallery-item'>\n\t\t\t<div class='gallery-icon landscape'>\n\t\t\t\t<a data-elementor-open-lightbox=\"yes\" data-elementor-lightbox-slideshow=\"b3a9711\" data-elementor-lightbox-title=\"4\" data-e-action-hash=\"#elementor-action%3Aaction%3Dlightbox%26settings%3DeyJpZCI6ODMyLCJ1cmwiOiJodHRwczpcL1wvc2FkdXJuaWVzdHVkaS5jb21cL3dwLWNvbnRlbnRcL3VwbG9hZHNcLzIwMjVcLzAxXC80LXNjYWxlZC5qcGciLCJzbGlkZXNob3ciOiJiM2E5NzExIn0%3D\" href='https:\/\/sadurniestudi.com\/wp-content\/uploads\/2025\/01\/4-scaled.jpg'><img loading=\"lazy\" decoding=\"async\" width=\"300\" height=\"300\" src=\"https:\/\/sadurniestudi.com\/wp-content\/uploads\/2025\/01\/4-300x300.jpg\" class=\"attachment-medium size-medium\" alt=\"\" srcset=\"https:\/\/sadurniestudi.com\/wp-content\/uploads\/2025\/01\/4-300x300.jpg 300w, https:\/\/sadurniestudi.com\/wp-content\/uploads\/2025\/01\/4-scaled-100x100.jpg 100w, https:\/\/sadurniestudi.com\/wp-content\/uploads\/2025\/01\/4-scaled-600x600.jpg 600w, https:\/\/sadurniestudi.com\/wp-content\/uploads\/2025\/01\/4-1024x1024.jpg 1024w, https:\/\/sadurniestudi.com\/wp-content\/uploads\/2025\/01\/4-150x150.jpg 150w, https:\/\/sadurniestudi.com\/wp-content\/uploads\/2025\/01\/4-768x768.jpg 768w, https:\/\/sadurniestudi.com\/wp-content\/uploads\/2025\/01\/4-1536x1536.jpg 1536w, https:\/\/sadurniestudi.com\/wp-content\/uploads\/2025\/01\/4-2048x2048.jpg 2048w, https:\/\/sadurniestudi.com\/wp-content\/uploads\/2025\/01\/4-12x12.jpg 12w, https:\/\/sadurniestudi.com\/wp-content\/uploads\/2025\/01\/4-200x200.jpg 200w\" sizes=\"auto, (max-width: 300px) 100vw, 300px\" \/><\/a>\n\t\t\t<\/div><\/figure><figure class='gallery-item'>\n\t\t\t<div class='gallery-icon landscape'>\n\t\t\t\t<a data-elementor-open-lightbox=\"yes\" data-elementor-lightbox-slideshow=\"b3a9711\" data-elementor-lightbox-title=\"3\" data-e-action-hash=\"#elementor-action%3Aaction%3Dlightbox%26settings%3DeyJpZCI6ODMxLCJ1cmwiOiJodHRwczpcL1wvc2FkdXJuaWVzdHVkaS5jb21cL3dwLWNvbnRlbnRcL3VwbG9hZHNcLzIwMjVcLzAxXC8zLXNjYWxlZC5qcGciLCJzbGlkZXNob3ciOiJiM2E5NzExIn0%3D\" href='https:\/\/sadurniestudi.com\/wp-content\/uploads\/2025\/01\/3-scaled.jpg'><img loading=\"lazy\" decoding=\"async\" width=\"300\" height=\"300\" src=\"https:\/\/sadurniestudi.com\/wp-content\/uploads\/2025\/01\/3-300x300.jpg\" class=\"attachment-medium size-medium\" alt=\"\" srcset=\"https:\/\/sadurniestudi.com\/wp-content\/uploads\/2025\/01\/3-300x300.jpg 300w, https:\/\/sadurniestudi.com\/wp-content\/uploads\/2025\/01\/3-scaled-100x100.jpg 100w, https:\/\/sadurniestudi.com\/wp-content\/uploads\/2025\/01\/3-scaled-600x600.jpg 600w, https:\/\/sadurniestudi.com\/wp-content\/uploads\/2025\/01\/3-1024x1024.jpg 1024w, https:\/\/sadurniestudi.com\/wp-content\/uploads\/2025\/01\/3-150x150.jpg 150w, https:\/\/sadurniestudi.com\/wp-content\/uploads\/2025\/01\/3-768x768.jpg 768w, https:\/\/sadurniestudi.com\/wp-content\/uploads\/2025\/01\/3-1536x1536.jpg 1536w, https:\/\/sadurniestudi.com\/wp-content\/uploads\/2025\/01\/3-2048x2048.jpg 2048w, https:\/\/sadurniestudi.com\/wp-content\/uploads\/2025\/01\/3-12x12.jpg 12w, https:\/\/sadurniestudi.com\/wp-content\/uploads\/2025\/01\/3-200x200.jpg 200w\" sizes=\"auto, (max-width: 300px) 100vw, 300px\" \/><\/a>\n\t\t\t<\/div><\/figure><figure class='gallery-item'>\n\t\t\t<div class='gallery-icon landscape'>\n\t\t\t\t<a data-elementor-open-lightbox=\"yes\" data-elementor-lightbox-slideshow=\"b3a9711\" data-elementor-lightbox-title=\"2\" data-e-action-hash=\"#elementor-action%3Aaction%3Dlightbox%26settings%3DeyJpZCI6ODMwLCJ1cmwiOiJodHRwczpcL1wvc2FkdXJuaWVzdHVkaS5jb21cL3dwLWNvbnRlbnRcL3VwbG9hZHNcLzIwMjVcLzAxXC8yLXNjYWxlZC5qcGciLCJzbGlkZXNob3ciOiJiM2E5NzExIn0%3D\" href='https:\/\/sadurniestudi.com\/wp-content\/uploads\/2025\/01\/2-scaled.jpg'><img loading=\"lazy\" decoding=\"async\" width=\"300\" height=\"300\" src=\"https:\/\/sadurniestudi.com\/wp-content\/uploads\/2025\/01\/2-300x300.jpg\" class=\"attachment-medium size-medium\" alt=\"\" srcset=\"https:\/\/sadurniestudi.com\/wp-content\/uploads\/2025\/01\/2-300x300.jpg 300w, https:\/\/sadurniestudi.com\/wp-content\/uploads\/2025\/01\/2-scaled-100x100.jpg 100w, https:\/\/sadurniestudi.com\/wp-content\/uploads\/2025\/01\/2-scaled-600x600.jpg 600w, https:\/\/sadurniestudi.com\/wp-content\/uploads\/2025\/01\/2-1024x1024.jpg 1024w, https:\/\/sadurniestudi.com\/wp-content\/uploads\/2025\/01\/2-150x150.jpg 150w, https:\/\/sadurniestudi.com\/wp-content\/uploads\/2025\/01\/2-768x768.jpg 768w, https:\/\/sadurniestudi.com\/wp-content\/uploads\/2025\/01\/2-1536x1536.jpg 1536w, https:\/\/sadurniestudi.com\/wp-content\/uploads\/2025\/01\/2-2048x2048.jpg 2048w, https:\/\/sadurniestudi.com\/wp-content\/uploads\/2025\/01\/2-12x12.jpg 12w, https:\/\/sadurniestudi.com\/wp-content\/uploads\/2025\/01\/2-200x200.jpg 200w\" sizes=\"auto, (max-width: 300px) 100vw, 300px\" \/><\/a>\n\t\t\t<\/div><\/figure><figure class='gallery-item'>\n\t\t\t<div class='gallery-icon landscape'>\n\t\t\t\t<a data-elementor-open-lightbox=\"yes\" data-elementor-lightbox-slideshow=\"b3a9711\" data-elementor-lightbox-title=\"1\" data-e-action-hash=\"#elementor-action%3Aaction%3Dlightbox%26settings%3DeyJpZCI6ODI5LCJ1cmwiOiJodHRwczpcL1wvc2FkdXJuaWVzdHVkaS5jb21cL3dwLWNvbnRlbnRcL3VwbG9hZHNcLzIwMjVcLzAxXC8xLXNjYWxlZC5qcGciLCJzbGlkZXNob3ciOiJiM2E5NzExIn0%3D\" href='https:\/\/sadurniestudi.com\/wp-content\/uploads\/2025\/01\/1-scaled.jpg'><img loading=\"lazy\" decoding=\"async\" width=\"300\" height=\"300\" src=\"https:\/\/sadurniestudi.com\/wp-content\/uploads\/2025\/01\/1-300x300.jpg\" class=\"attachment-medium size-medium\" alt=\"\" srcset=\"https:\/\/sadurniestudi.com\/wp-content\/uploads\/2025\/01\/1-300x300.jpg 300w, https:\/\/sadurniestudi.com\/wp-content\/uploads\/2025\/01\/1-scaled-100x100.jpg 100w, https:\/\/sadurniestudi.com\/wp-content\/uploads\/2025\/01\/1-scaled-600x600.jpg 600w, https:\/\/sadurniestudi.com\/wp-content\/uploads\/2025\/01\/1-1024x1024.jpg 1024w, https:\/\/sadurniestudi.com\/wp-content\/uploads\/2025\/01\/1-150x150.jpg 150w, https:\/\/sadurniestudi.com\/wp-content\/uploads\/2025\/01\/1-768x768.jpg 768w, https:\/\/sadurniestudi.com\/wp-content\/uploads\/2025\/01\/1-1536x1536.jpg 1536w, https:\/\/sadurniestudi.com\/wp-content\/uploads\/2025\/01\/1-2048x2048.jpg 2048w, https:\/\/sadurniestudi.com\/wp-content\/uploads\/2025\/01\/1-12x12.jpg 12w, https:\/\/sadurniestudi.com\/wp-content\/uploads\/2025\/01\/1-200x200.jpg 200w\" sizes=\"auto, (max-width: 300px) 100vw, 300px\" \/><\/a>\n\t\t\t<\/div><\/figure>\n\t\t<\/div>\n\t\t<\/div>\n\t\t\t\t<\/div>\n\t\t\t\t<\/div>\n\t\t\t\t\t<\/div>\n\t\t<\/div>\n\t\t\t\t\t\t\t<\/div>\n\t\t<\/section>\n\t\t\t\t<section class=\"elementor-section elementor-top-section elementor-element elementor-element-221c1d23 elementor-section-stretched elementor-section-content-middle elementor-reverse-mobile elementor-section-boxed elementor-section-height-default elementor-section-height-default\" data-id=\"221c1d23\" data-element_type=\"section\" data-settings=\"{&quot;stretch_section&quot;:&quot;section-stretched&quot;,&quot;background_background&quot;:&quot;classic&quot;}\">\n\t\t\t\t\t\t\t<div class=\"elementor-background-overlay\"><\/div>\n\t\t\t\t\t\t\t<div class=\"elementor-container elementor-column-gap-default\">\n\t\t\t\t\t<div class=\"aux-parallax-section elementor-column elementor-col-33 elementor-top-column elementor-element elementor-element-7b3bb153 aux-appear-watch-animation aux-fade-in-up\" data-id=\"7b3bb153\" data-element_type=\"column\">\n\t\t\t<div class=\"elementor-widget-wrap elementor-element-populated\">\n\t\t\t\t\t\t\t\t<div class=\"elementor-element elementor-element-473d5cd3 elementor-widget elementor-widget-aux_modern_heading\" data-id=\"473d5cd3\" data-element_type=\"widget\" data-widget_type=\"aux_modern_heading.default\">\n\t\t\t\t<div class=\"elementor-widget-container\">\n\t\t\t<section class=\"aux-widget-modern-heading\">\n            <div class=\"aux-widget-inner\"><h2 class=\"aux-modern-heading-primary\">CONTACTAR<\/h2><h3 class=\"aux-modern-heading-secondary\"><span class=\"aux-head-before\">Estamos en contacto<\/span><\/h3><div class=\"aux-modern-heading-divider\"><\/div><div class=\"aux-modern-heading-description\"><p>Cons\u00faltenos sin compromiso<\/p><\/div><\/div>\n        <\/section>\t\t<\/div>\n\t\t\t\t<\/div>\n\t\t\t\t<div class=\"elementor-element elementor-element-fa58128 elementor-widget elementor-widget-aux_contact_form\" data-id=\"fa58128\" data-element_type=\"widget\" data-widget_type=\"aux_contact_form.default\">\n\t\t\t\t<div class=\"elementor-widget-container\">\n\t\t\t<section class=\"widget-container aux-widget-contact-form aux-parent-au26e9a35d\">            <div class=\"aux-col-wrapper aux-no-gutter\">\n            <!-- @TODO - The output for element here -->\n\n            \n<div class=\"wpcf7 no-js\" id=\"wpcf7-f11-o1\" lang=\"es-ES\" dir=\"ltr\">\n<div class=\"screen-reader-response\"><p role=\"status\" aria-live=\"polite\" aria-atomic=\"true\"><\/p> <ul><\/ul><\/div>\n<form action=\"\/es\/wp-json\/wp\/v2\/pages\/576#wpcf7-f11-o1\" method=\"post\" class=\"wpcf7-form init\" aria-label=\"Formulario de contacto\" novalidate=\"novalidate\" data-status=\"init\" data-trp-original-action=\"\/es\/wp-json\/wp\/v2\/pages\/576#wpcf7-f11-o1\">\n<div style=\"display: none;\">\n<input type=\"hidden\" name=\"_wpcf7\" value=\"11\" \/>\n<input type=\"hidden\" name=\"_wpcf7_version\" value=\"5.8.3\" \/>\n<input type=\"hidden\" name=\"_wpcf7_locale\" value=\"es_ES\" \/>\n<input type=\"hidden\" name=\"_wpcf7_unit_tag\" value=\"wpcf7-f11-o1\" \/>\n<input type=\"hidden\" name=\"_wpcf7_container_post\" value=\"0\" \/>\n<input type=\"hidden\" name=\"_wpcf7_posted_data_hash\" value=\"\" \/>\n<\/div>\n<p><label> Nombre<br \/>\n<span class=\"wpcf7-form-control-wrap\" data-name=\"your-name\"><input size=\"40\" class=\"wpcf7-form-control wpcf7-text wpcf7-validates-as-required\" autocomplete=\"name\" aria-required=\"true\" aria-invalid=\"false\" value=\"\" type=\"text\" name=\"your-name\" \/><\/span> <\/label>\n<\/p>\n<p><label> Mail<br \/>\n<span class=\"wpcf7-form-control-wrap\" data-name=\"your-email\"><input size=\"40\" class=\"wpcf7-form-control wpcf7-email wpcf7-validates-as-required wpcf7-text wpcf7-validates-as-email\" autocomplete=\"email\" aria-required=\"true\" aria-invalid=\"false\" value=\"\" type=\"email\" name=\"your-email\" \/><\/span> <\/label>\n<\/p>\n<p><label> asunto<br \/>\n<span class=\"wpcf7-form-control-wrap\" data-name=\"your-subject\"><input size=\"40\" class=\"wpcf7-form-control wpcf7-text wpcf7-validates-as-required\" aria-required=\"true\" aria-invalid=\"false\" value=\"\" type=\"text\" name=\"your-subject\" \/><\/span> <\/label>\n<\/p>\n<p><label> Comentarios<br \/>\n<span class=\"wpcf7-form-control-wrap\" data-name=\"your-message\"><textarea cols=\"40\" rows=\"10\" class=\"wpcf7-form-control wpcf7-textarea\" aria-invalid=\"false\" name=\"your-message\"><\/textarea><\/span> <\/label>\n<\/p>\n<p><input class=\"wpcf7-form-control wpcf7-submit has-spinner\" type=\"submit\" value=\"Enviar\" \/>\n<\/p><div class=\"wpcf7-response-output\" aria-hidden=\"true\"><\/div>\n<input type=\"hidden\" name=\"trp-form-language\" value=\"es\"\/><\/form>\n<\/div>\n\n\n            <\/div><!-- aux-col-wrapper -->\n    <\/section><!-- widget-container -->\t\t<\/div>\n\t\t\t\t<\/div>\n\t\t\t\t\t<\/div>\n\t\t<\/div>\n\t\t\t\t<div class=\"aux-parallax-section elementor-column elementor-col-33 elementor-top-column elementor-element elementor-element-76c7601f\" data-id=\"76c7601f\" data-element_type=\"column\">\n\t\t\t<div class=\"elementor-widget-wrap\">\n\t\t\t\t\t\t\t\t\t<\/div>\n\t\t<\/div>\n\t\t\t\t<div class=\"aux-parallax-section elementor-column elementor-col-33 elementor-top-column elementor-element elementor-element-4599d7c7 aux-appear-watch-animation aux-fade-in-up-1\" data-id=\"4599d7c7\" data-element_type=\"column\">\n\t\t\t<div class=\"elementor-widget-wrap elementor-element-populated\">\n\t\t\t\t\t\t\t\t<div class=\"elementor-element elementor-element-156d2c70 elementor-widget elementor-widget-text-editor\" data-id=\"156d2c70\" data-element_type=\"widget\" data-widget_type=\"text-editor.default\">\n\t\t\t\t<div class=\"elementor-widget-container\">\n\t\t\t\t\t\t\t<div>info@fdarquitectura.es<span class=\"margin\"><br \/>De dilluns a divendres<\/span><\/div><div><span class=\"margin\"><br \/>07.00 &#8211; 18.00<br \/><\/span><\/div>\t\t\t\t\t\t<\/div>\n\t\t\t\t<\/div>\n\t\t\t\t\t<\/div>\n\t\t<\/div>\n\t\t\t\t\t\t\t<\/div>\n\t\t<\/section>\n\t\t\t\t\t\t\t<\/div>","protected":false},"excerpt":{"rendered":"<p>Arquitectura estudi BENVINGUTS Sadurni Arquitectura FDA Arquitectura: Arquitectes T\u00e8cnics Online per als teus Projectes M\u00e9s informaci\u00f3 Aguns dels nostres treballs Galeria CONTACTAR Estem en contacte Consulti&#8217;ns sense comprom\u00eds Nom Mail assumpte Comentaris info@fdarquitectura.esDe dilluns a divendres07.00 &#8211; 18.00<\/p>","protected":false},"author":1,"featured_media":0,"parent":0,"menu_order":0,"comment_status":"closed","ping_status":"closed","template":"templates\/page-builder-content.php","meta":{"_joinchat":[],"footnotes":""},"class_list":["post-576","page","type-page","status-publish","hentry"],"_links":{"self":[{"href":"https:\/\/sadurniestudi.com\/es\/wp-json\/wp\/v2\/pages\/576","targetHints":{"allow":["GET"]}}],"collection":[{"href":"https:\/\/sadurniestudi.com\/es\/wp-json\/wp\/v2\/pages"}],"about":[{"href":"https:\/\/sadurniestudi.com\/es\/wp-json\/wp\/v2\/types\/page"}],"author":[{"embeddable":true,"href":"https:\/\/sadurniestudi.com\/es\/wp-json\/wp\/v2\/users\/1"}],"replies":[{"embeddable":true,"href":"https:\/\/sadurniestudi.com\/es\/wp-json\/wp\/v2\/comments?post=576"}],"version-history":[{"count":121,"href":"https:\/\/sadurniestudi.com\/es\/wp-json\/wp\/v2\/pages\/576\/revisions"}],"predecessor-version":[{"id":880,"href":"https:\/\/sadurniestudi.com\/es\/wp-json\/wp\/v2\/pages\/576\/revisions\/880"}],"wp:attachment":[{"href":"https:\/\/sadurniestudi.com\/es\/wp-json\/wp\/v2\/media?parent=576"}],"curies":[{"name":"wp","href":"https:\/\/api.w.org\/{rel}","templated":true}]}}